{"id":933,"date":"2014-11-11T11:12:55","date_gmt":"2014-11-11T11:12:55","guid":{"rendered":"http:\/\/anpsthemes.com\/constructo\/?page_id=7"},"modified":"2020-09-30T18:18:23","modified_gmt":"2020-09-30T22:18:23","slug":"provectos","status":"publish","type":"page","link":"https:\/\/cmidominicana.com.do\/en\/provectos\/","title":{"rendered":"PROYECTS"},"content":{"rendered":"<p>[vc_row full_width=\u00bbstretch_row_content\u00bb parallax=\u00bbcontent-moving\u00bb css=\u00bb.vc_custom_1600086519854{margin-top: 0px !important;margin-bottom: 50px !important;padding-top: 150px !important;padding-bottom: 150px !important;background-image: url(http:\/\/cmidominicana.com.do\/wp-content\/uploads\/2020\/09\/banner_projects.jpg?id=1134) !important;}\u00bb][vc_column][\/vc_column][\/vc_row][vc_row][vc_column][vc_column_text]En CMI, manejamos la instalaci\u00f3n y puesta en marcha de equipos el\u00e9ctricos, arquitectura de proyectos de gran envergadura con vasta experiencia y una s\u00f3lida trayectoria de \u00e9xitos con\u00a0 clientes de alta exigencia, estamos complacidos de suministrar gran variedad de soluciones acorde a las normas y las mas recientes\u00a0 exigencias ambientales,\u00a0 una moderna capacidad de ejecuci\u00f3n e implementaci\u00f3n de ultimas tecnolog\u00edas y con un gran equipo de profesionales\u00a0 y expertos, entre algunos de nuestros proyectos contamos con una valiosa\u00a0 lista de proyectos realizados con impecable ejecuci\u00f3n y gran satisfacci\u00f3n de nuestros clientes<\/p>\n<hr \/>\n<p>2000.- La historia de CMI se remonta al a\u00f1o 2000 cuando la empresa espa\u00f1ola Miesa la cre\u00f3 para ejecutar varios proyectos de cogeneraci\u00f3n para tres nuevos hoteles en construcci\u00f3n en la zona de Uvero Alto-B\u00e1varo en Rep\u00fablica Dominicana.<\/p>\n<p>2001.- Construimos una cuarta planta de cogeneraci\u00f3n dentro del Hotel Fiesta B\u00e1varo con una producci\u00f3n de 12 MW para suministrar de energia a varios hoteles de la zona.<\/p>\n<p>2002.- CMI se consolida como empresa de servicios de construcci\u00f3n de instalaciones industriales dentro del \u00e1rea hotelera. Ampliamos nuestra oferta de servicios con Operaci\u00f3n y Mantenimiento de plantas energ\u00e9ticas.<\/p>\n<p>2003.- Se establece un acuerdo de colaboraci\u00f3n con Carrier-Asistencia T\u00e9cnica para cubrir las necesidades de suministro y mantenimiento de plantas de generaci\u00f3n de fri\u00f3.<\/p>\n<p>2004-2007.- CMI ejecuta proyectos integrales para servicios industriales en el sector hotelero en el \u00e1rea del caribe cubriendo principalmente los pa\u00edses de Rep. Dominicana y M\u00e9xico.<\/p>\n<p>2008-2010 Se ejecutaron los siguientes[\/vc_column_text][\/vc_column][\/vc_row][vc_row][vc_column width=\u00bb1\/2&#8243;][vc_single_image image=\u00bb1040&#8243; img_size=\u00bbfull\u00bb alignment=\u00bbcenter\u00bb][vc_gallery type=\u00bbnivo\u00bb interval=\u00bb3&#8243; images=\u00bb1143,1144,1142,1150,1151,1146,1147,1148,1149,1165,1164,1163&#8243; img_size=\u00bb600&#215;533&#8243;][\/vc_column][vc_column width=\u00bb1\/2&#8243;][vc_column_text]<\/p>\n<h2>Proyectos<\/h2>\n<p>Sistema de Seguridad CCTV IP para Casa Club Iberostar.<br \/>\nAmpliaci\u00f3n Plataforma de Frio para Hoteles Barcel\u00f3.<br \/>\nInstalaci\u00f3n de red de baja tensi\u00f3n 460\/208\/120V 60Hz. para Hoteles Majestic Colonial Punta Cana y Elegance.<\/p>\n<p>Instalaci\u00f3n de sistemas de Detecci\u00f3n de Humos en Hoteles Majestic Colonial Punta Cana y Elegance.<br \/>\nInstalaci\u00f3n de Red Voz y Datos y TV \u00f3ptica para Hotel Majestic Elegance.<br \/>\nInstalaci\u00f3n de Anillo de Media Tensi\u00f3n total 4 estaciones transformadoras para Hotel Majestic Elegance.<br \/>\nInstalaci\u00f3n de Anillo de Media Tensi\u00f3n total 7 estaciones transformadoras para Hotel Majestic Colonial Punta Cana.<br \/>\nInstalaci\u00f3n de Caldera Vapor para Hoteles Iberostar.<br \/>\nInstalaci\u00f3n de Caldera ACS para Hoteles Iberostar.<br \/>\nInstalaci\u00f3n de Calderas ACS para Hotel Sirenis Cocotal.<br \/>\nInstalaci\u00f3n de Caladeras ACS para Hotel Excellence Punta Cana.<br \/>\nPlanta de Cogeneraci\u00f3n en Bavaro 12.2 MW.<br \/>\nPlanta de Cogeneraci\u00f3n en Sirenis *Hotels 4.5 MW.<br \/>\nPlanta de Cogeneraci\u00f3n en Hotel Secrets Excellence 3 MW.<br \/>\nPlanta de Cogeneraci\u00f3n en Hotel Carabela 4.5 MW.<br \/>\nPlataformas de Fr\u00edo en Hoteles Princess, Fiesta, *Paradisus.<br \/>\nMontaje Plantas Generadoras Volvo Hotel Luperon.<br \/>\nPlanta de *Generaci\u00f3n Hotel Sunscape 4.5 MW.<br \/>\nPlanta Generaci\u00f3n IberoStar II 3 MW.<br \/>\nPlanta de Emergencia Hotel Mar Taino.<br \/>\nInstalaci\u00f3n Anillo El\u00e9ctrico de MT Hotel *Sunscape y Distribuci\u00f3n en BT.<br \/>\nInstalaci\u00f3n Anillo El\u00e9ctrico de MT y Distribuci\u00f3n en BT para Hotel Majestic.<br \/>\nInterconexi\u00f3n Anillo El\u00e9ctrico Plantas El\u00e9ctricas de Generaci\u00f3n en Hoteles Fiesta, Princess, IberoStar.<\/p>\n<p>&nbsp;<\/p>\n<p>&nbsp;<\/p>\n<h3>Clientes<\/h3>\n<p>Hoteles Barcel\u00f3.<br \/>\nConsorcio Energ\u00e9tico Punta Cana-Macao (CEPM).<br \/>\nHotel Excellence Punta Cana.<br \/>\nHotel Bah\u00eda Pr\u00edncipe.<br \/>\nInvermax SA.<br \/>\nBanco Sabadell.<br \/>\nHotel Palladium Bavaro.<br \/>\nHoteles Princess.<br \/>\nFiesta Resorts.<br \/>\nHoteles IberoStar.<br \/>\nHoteles Sirenis Resort.<br \/>\nHoteles Dreams.<br \/>\nHoteles Majestic.<br \/>\nHotel Luperon.<br \/>\nHoteles Meli\u00e1.[\/vc_column_text][\/vc_column][\/vc_row]<\/p>\n","protected":false},"excerpt":{"rendered":"<p>[vc_row full_width=\u00bbstretch_row_content\u00bb parallax=\u00bbcontent-moving\u00bb css=\u00bb.vc_custom_1600086519854{margin-top: 0px !important;margin-bottom: 50px !important;padding-top: 150px !important;padding-bottom: 150px !important;background-image: url(http:\/\/cmidominicana.com.do\/wp-content\/uploads\/2020\/09\/banner_projects.jpg?id=1134) !important;}\u00bb][vc_column][\/vc_column][\/vc_row][vc_row][vc_column][vc_column_text]En CMI, manejamos la instalaci\u00f3n y puesta en marcha de equipos el\u00e9ctricos, arquitectura de proyectos de gran envergadura con vasta experiencia y una s\u00f3lida trayectoria de \u00e9xitos&#8230;<\/p>\n","protected":false},"author":3,"featured_media":0,"parent":0,"menu_order":0,"comment_status":"open","ping_status":"open","template":"","meta":{"_monsterinsights_skip_tracking":false,"_monsterinsights_sitenote_active":false,"_monsterinsights_sitenote_note":"","_monsterinsights_sitenote_category":0,"footnotes":""},"class_list":["post-933","page","type-page","status-publish","hentry"],"_links":{"self":[{"href":"https:\/\/cmidominicana.com.do\/en\/wp-json\/wp\/v2\/pages\/933","targetHints":{"allow":["GET"]}}],"collection":[{"href":"https:\/\/cmidominicana.com.do\/en\/wp-json\/wp\/v2\/pages"}],"about":[{"href":"https:\/\/cmidominicana.com.do\/en\/wp-json\/wp\/v2\/types\/page"}],"author":[{"embeddable":true,"href":"https:\/\/cmidominicana.com.do\/en\/wp-json\/wp\/v2\/users\/3"}],"replies":[{"embeddable":true,"href":"https:\/\/cmidominicana.com.do\/en\/wp-json\/wp\/v2\/comments?post=933"}],"version-history":[{"count":5,"href":"https:\/\/cmidominicana.com.do\/en\/wp-json\/wp\/v2\/pages\/933\/revisions"}],"predecessor-version":[{"id":1166,"href":"https:\/\/cmidominicana.com.do\/en\/wp-json\/wp\/v2\/pages\/933\/revisions\/1166"}],"wp:attachment":[{"href":"https:\/\/cmidominicana.com.do\/en\/wp-json\/wp\/v2\/media?parent=933"}],"curies":[{"name":"wp","href":"https:\/\/api.w.org\/{rel}","templated":true}]}}