{"id":5,"date":"2014-11-11T11:09:47","date_gmt":"2014-11-11T11:09:47","guid":{"rendered":"http:\/\/anpsthemes.com\/constructo\/?page_id=5"},"modified":"2022-04-25T05:58:21","modified_gmt":"2022-04-25T09:58:21","slug":"home","status":"publish","type":"page","link":"https:\/\/cmidominicana.com.do\/en\/","title":{"rendered":"Home"},"content":{"rendered":"<p>[vc_row full_width=\u00bbstretch_row_content_no_spaces\u00bb css=\u00bb.vc_custom_1496645953969{margin-top: 0px !important;}\u00bb has_content=\u00bbtrue\u00bb][vc_column][rev_slider_vc alias=\u00bbslider-2&#8243;][\/vc_column][\/vc_row][vc_row full_width=\u00bbstretch_row\u00bb css=\u00bb.vc_custom_1497518287027{padding-top: 70px !important;padding-bottom: 50px !important;background-color: #f5f5f5 !important;}\u00bb][vc_column width=\u00bb1\/3&#8243;][anps_featured style=\u00bb2&#8243; bg_color=\u00bb#ffffff\u00bb image_u=\u00bb967&#8243; title=\u00bbPLANIFICACI\u00d3N DE PROYECTOS\u00bb link=\u00bb#\u00bb]Desde el concepto y la planificaci\u00f3n, manejamos cada proyecto con las mas altos est\u00e1ndares tecnol\u00f3gicos y con el mejor grupo de profesionales en cada materia,[\/anps_featured][\/vc_column][vc_column width=\u00bb1\/3&#8243;][anps_featured style=\u00bb2&#8243; bg_color=\u00bb#ffffff\u00bb image_u=\u00bb968&#8243; title=\u00bbCONSTRUCCI\u00d3N Y ACOMETIDAS\u00bb link=\u00bb#\u00bb]Todos nuestros proyectos van acompa\u00f1ados\u00a0 de una minuciosa planificaci\u00f3n estructural, midiendo cada aspecto y exigencia de nuestras \u00e1reas de trabajo[\/anps_featured][\/vc_column][vc_column width=\u00bb1\/3&#8243;][anps_featured style=\u00bb2&#8243; bg_color=\u00bb#ffffff\u00bb image_u=\u00bb969&#8243; title=\u00bbPROYECTOS FINALES\u00bb link=\u00bb#\u00bb]La satisfacci\u00f3n de una obra finalizada es nuestra mayor aval de compromiso y\u00a0 dedicaci\u00f3n,\u00a0 el haber cumplido con las exigencias y expectativas de nuestros clientes[\/anps_featured][\/vc_column][\/vc_row][vc_row full_width=\u00bbstretch_row\u00bb content_placement=\u00bbmiddle\u00bb el_class=\u00bbtext-center\u00bb css=\u00bb.vc_custom_1496648775739{padding-bottom: 50px !important;background-color: #f5f5f5 !important;}\u00bb][vc_column][quote style=\u00bbstyle-1&#8243;]NOS DEDICAMOS AL DISE\u00d1O, INSTALACI\u00d3N Y PUESTA EN MARCHA DE:[\/quote][vc_separator color=\u00bbmulled_wine\u00bb][\/vc_column][\/vc_row][vc_row full_width=\u00bbstretch_row_content_no_spaces\u00bb css=\u00bb.vc_custom_1496747747888{padding-bottom: 35px !important;}\u00bb has_content=\u00bbinside\u00bb][vc_column][recent_portfolio number=\u00bb4&#8243; style=\u00bbmodern-2&#8243; col=\u00bb4&#8243; mobile_class=\u00bb2&#8243; image_size=\u00bbfull\u00bb remove_links=\u00bb\u00bb category=\u00bb0&#8243;][\/vc_column][\/vc_row][vc_row full_width=\u00bbstretch_row\u00bb content_placement=\u00bbmiddle\u00bb el_class=\u00bbtext-center\u00bb][vc_column][vc_column_text css=\u00bb.vc_custom_1598520311860{padding-bottom: 20px !important;}\u00bb]<\/p>\n<h3 style=\"text-align: center;\">LOS A\u00d1OS DE EXPERIENCIA\u00a0 Y EL MEJOR EQUIPO SON NUESTRA MAYOR FORTALEZA<\/h3>\n<p>[\/vc_column_text][button link=\u00bbprojects\/\u00bb size=\u00bbmedium\u00bb style_button=\u00bbstyle-1&#8243; icon=\u00bb\u00bb]VER PROYECTOS[\/button][\/vc_column][\/vc_row][vc_row full_width=\u00bbstretch_row\u00bb equal_height=\u00bbyes\u00bb parallax=\u00bbcontent-moving-fade\u00bb parallax_image=\u00bb1059&#8243; has_content=\u00bbtrue\u00bb css=\u00bb.vc_custom_1599475785782{margin-top: 40px !important;}\u00bb][vc_column parallax=\u00bbcontent-moving\u00bb][statement parallax=\u00bbfalse\u00bb parallax_overlay=\u00bb\u00bb slug=\u00bbAlgunos de nuestros apreciados clientes\u00bb][vc_row_inner][vc_column_inner][heading subtitle=\u00bb\u00bb size=\u00bb1&#8243; heading_class=\u00bbheading\u00bb heading_style=\u00bbstyle-1&#8243; color=\u00bb#ffffff\u00bb]ALGUNOS  DE NUESTROS APRECIADOS CLIENTES[\/heading][\/vc_column_inner][\/vc_row_inner][logos style=\u00bb5&#8243;][logo image_u=\u00bb1054&#8243;][\/logo][logo image_u=\u00bb1053&#8243;][\/logo][logo image_u=\u00bb1175&#8243;][\/logo][logo image_u=\u00bb1051&#8243;][\/logo][logo image_u=\u00bb1176&#8243;][\/logo][logo image_u=\u00bb997&#8243;][\/logo][logo image_u=\u00bb996&#8243;][\/logo][logo image_u=\u00bb995&#8243;][\/logo][logo image_u=\u00bb994&#8243;][\/logo][logo image_u=\u00bb993&#8243;][\/logo][logo image_u=\u00bb998&#8243;][\/logo][\/logos][\/statement][\/vc_column][\/vc_row][vc_row full_width=\u00bbstretch_row\u00bb css=\u00bb.vc_custom_1496746654945{padding-top: 50px !important;padding-bottom: 30px !important;background-color: #f5f5f5 !important;}\u00bb has_content=\u00bbtrue\u00bb][vc_column][heading subtitle=\u00bb\u00bb size=\u00bb1&#8243; heading_class=\u00bbheading\u00bb heading_style=\u00bbdivider-sm\u00bb]ALIADOS COMERCIALES[\/heading][vc_empty_space height=\u00bb20px\u00bb][vc_empty_space height=\u00bb20px\u00bb][logos style=\u00bb5&#8243;][logo image_u=\u00bb1019&#8243;][\/logo][logo image_u=\u00bb1003&#8243;][\/logo][logo image_u=\u00bb1002&#8243;][\/logo][logo image_u=\u00bb1001&#8243;][\/logo][logo image_u=\u00bb1000&#8243;][\/logo][logo image_u=\u00bb997&#8243;][\/logo][logo image_u=\u00bb996&#8243;][\/logo][logo image_u=\u00bb995&#8243;][\/logo][logo image_u=\u00bb994&#8243;][\/logo][logo image_u=\u00bb993&#8243;][\/logo][logo image_u=\u00bb998&#8243;][\/logo][\/logos][\/vc_column][\/vc_row]<\/p>\n","protected":false},"excerpt":{"rendered":"<p>[vc_row full_width=\u00bbstretch_row_content_no_spaces\u00bb css=\u00bb.vc_custom_1496645953969{margin-top: 0px !important;}\u00bb has_content=\u00bbtrue\u00bb][vc_column][rev_slider_vc alias=\u00bbslider-2&#8243;][\/vc_column][\/vc_row][vc_row full_width=\u00bbstretch_row\u00bb css=\u00bb.vc_custom_1497518287027{padding-top: 70px !important;padding-bottom: 50px !important;background-color: #f5f5f5 !important;}\u00bb][vc_column width=\u00bb1\/3&#8243;][anps_featured style=\u00bb2&#8243; bg_color=\u00bb#ffffff\u00bb image_u=\u00bb967&#8243; title=\u00bbPLANIFICACI\u00d3N DE PROYECTOS\u00bb link=\u00bb#\u00bb]Desde el concepto y la planificaci\u00f3n, manejamos cada proyecto con las mas altos est\u00e1ndares tecnol\u00f3gicos y con el&#8230;<\/p>\n","protected":false},"author":3,"featured_media":0,"parent":0,"menu_order":0,"comment_status":"open","ping_status":"open","template":"","meta":{"_monsterinsights_skip_tracking":false,"_monsterinsights_sitenote_active":false,"_monsterinsights_sitenote_note":"","_monsterinsights_sitenote_category":0,"footnotes":""},"class_list":["post-5","page","type-page","status-publish","hentry"],"_links":{"self":[{"href":"https:\/\/cmidominicana.com.do\/en\/wp-json\/wp\/v2\/pages\/5","targetHints":{"allow":["GET"]}}],"collection":[{"href":"https:\/\/cmidominicana.com.do\/en\/wp-json\/wp\/v2\/pages"}],"about":[{"href":"https:\/\/cmidominicana.com.do\/en\/wp-json\/wp\/v2\/types\/page"}],"author":[{"embeddable":true,"href":"https:\/\/cmidominicana.com.do\/en\/wp-json\/wp\/v2\/users\/3"}],"replies":[{"embeddable":true,"href":"https:\/\/cmidominicana.com.do\/en\/wp-json\/wp\/v2\/comments?post=5"}],"version-history":[{"count":6,"href":"https:\/\/cmidominicana.com.do\/en\/wp-json\/wp\/v2\/pages\/5\/revisions"}],"predecessor-version":[{"id":1177,"href":"https:\/\/cmidominicana.com.do\/en\/wp-json\/wp\/v2\/pages\/5\/revisions\/1177"}],"wp:attachment":[{"href":"https:\/\/cmidominicana.com.do\/en\/wp-json\/wp\/v2\/media?parent=5"}],"curies":[{"name":"wp","href":"https:\/\/api.w.org\/{rel}","templated":true}]}}