{"id":11,"date":"2014-11-11T11:14:05","date_gmt":"2014-11-11T11:14:05","guid":{"rendered":"http:\/\/anpsthemes.com\/constructo\/?page_id=11"},"modified":"2020-09-11T06:32:03","modified_gmt":"2020-09-11T10:32:03","slug":"acerca-de-nosotros","status":"publish","type":"page","link":"https:\/\/cmidominicana.com.do\/en\/acerca-de-nosotros\/","title":{"rendered":"ABOUT US"},"content":{"rendered":"<p>[vc_row][vc_column width=\u00bb1\/2&#8243;][vc_single_image image=\u00bb1109&#8243; img_size=\u00bbfull\u00bb alignment=\u00bbcenter\u00bb][\/vc_column][vc_column width=\u00bb1\/2&#8243;][vc_column_text]<\/p>\n<h3>EMPRESA<\/h3>\n<p>[\/vc_column_text][vc_column_text]Nuestras principales actividades son el montaje, instalaci\u00f3n y puesta en marcha de equipos el\u00e9ctricos en MT y BT, termos energ\u00e9ticos y mec\u00e1nicos. Mantenimiento electromec\u00e1nico en grupos electr\u00f3genos y de refrigeraci\u00f3n.<br \/>\nMantenimiento y monitoreo de instalaciones el\u00e9ctricas en subestaciones de hoteles.<br \/>\nDesarrollo de soluciones a medida para el Ahorro Energ\u00e9tico.<br \/>\nDesarrollo de Sistemas de Control Industrial y Control de Edificios.<br \/>\nSomos integradores de Siemens para la Rep\u00fablica Dominicana.[\/vc_column_text][vc_column_text]<\/p>\n<h3>MISI\u00d3N<\/h3>\n<p>[\/vc_column_text][vc_column_text]Nuestra misi\u00f3n principal es generar soluciones eficaces t\u00e9cnicamente y rentables en el \u00e1mbito econ\u00f3mico. Nos enfocamos en las necesidades de nuestros clientes participando de una forma muy estrecha y comprometida para mejorar y salvaguardar sus intereses. A trav\u00e9s de nuestra empresa y sus asociados aprovechamos la experiencia y las especialidades en conjunto o individuales para poder entregar soluciones innovadoras a nuestros clientes. Nuestro compromiso es brindar a nuestros clientes la promesa de dar Eficacia, Servicio y Soluciones.[\/vc_column_text][vc_column_text]<\/p>\n<h3>ESTRUCTURA<\/h3>\n<p>[\/vc_column_text][vc_column_text]CMI opera con una estructura triangular que la convierte en una empresa m\u00e1s vers\u00e1til y competente para poder abarcar las diferentes tecnolog\u00edas y cumplimentar las diferentes normativas de Europa y Am\u00e9rica que se aplican en las instalaciones de nuestros clientes.<\/p>\n<p>Poseemos delegaciones en Miami-USA, Canc\u00fan-M\u00e9xico, Bilbao-Espa\u00f1a y nuestra base es en B\u00e1varo-Punta Cana en la Rep\u00fablica Dominicana.<\/p>\n<p>EMC<br \/>\nCalle Gupy Lote 9 Manzana 24 S\u00faper manzana 86<br \/>\nBenito Ju\u00e1rez \u2013 Canc\u00fan CP77520<br \/>\nQuintana Roo M\u00e9xico<br \/>\n+52 998 112 4902<\/p>\n<p>CMI, S.A.<br \/>\nAv. Estados Unidos S\/N, y Av. Guayacanes (junto a Ferreter\u00eda Americana)<br \/>\nB\u00e1varo \u2013 Higuey \u2013 R.D.<\/p>\n<p>+1809 552 0692[\/vc_column_text][\/vc_column][\/vc_row][vc_row full_width=\u00bbstretch_row_content_no_spaces\u00bb css=\u00bb.vc_custom_1599820322133{margin-top: 50px !important;margin-bottom: 0px !important;padding-top: 100px !important;padding-right: 100px !important;padding-bottom: 150px !important;padding-left: 100px !important;background-image: url(http:\/\/cmidominicana.com.do\/wp-content\/uploads\/2020\/09\/foot_bg.jpg?id=1111) !important;background-position: center !important;background-repeat: no-repeat !important;background-size: cover !important;}\u00bb][vc_column][\/vc_column][\/vc_row]<\/p>\n","protected":false},"excerpt":{"rendered":"<p>[vc_row][vc_column width=\u00bb1\/2&#8243;][vc_single_image image=\u00bb1109&#8243; img_size=\u00bbfull\u00bb alignment=\u00bbcenter\u00bb][\/vc_column][vc_column width=\u00bb1\/2&#8243;][vc_column_text] EMPRESA [\/vc_column_text][vc_column_text]Nuestras principales actividades son el montaje, instalaci\u00f3n y puesta en marcha de equipos el\u00e9ctricos en MT y BT, termos energ\u00e9ticos y mec\u00e1nicos. Mantenimiento electromec\u00e1nico en grupos electr\u00f3genos y de refrigeraci\u00f3n. Mantenimiento y monitoreo&#8230;<\/p>\n","protected":false},"author":3,"featured_media":0,"parent":0,"menu_order":0,"comment_status":"open","ping_status":"open","template":"","meta":{"_monsterinsights_skip_tracking":false,"_monsterinsights_sitenote_active":false,"_monsterinsights_sitenote_note":"","_monsterinsights_sitenote_category":0,"footnotes":""},"class_list":["post-11","page","type-page","status-publish","hentry"],"_links":{"self":[{"href":"https:\/\/cmidominicana.com.do\/en\/wp-json\/wp\/v2\/pages\/11","targetHints":{"allow":["GET"]}}],"collection":[{"href":"https:\/\/cmidominicana.com.do\/en\/wp-json\/wp\/v2\/pages"}],"about":[{"href":"https:\/\/cmidominicana.com.do\/en\/wp-json\/wp\/v2\/types\/page"}],"author":[{"embeddable":true,"href":"https:\/\/cmidominicana.com.do\/en\/wp-json\/wp\/v2\/users\/3"}],"replies":[{"embeddable":true,"href":"https:\/\/cmidominicana.com.do\/en\/wp-json\/wp\/v2\/comments?post=11"}],"version-history":[{"count":6,"href":"https:\/\/cmidominicana.com.do\/en\/wp-json\/wp\/v2\/pages\/11\/revisions"}],"predecessor-version":[{"id":1118,"href":"https:\/\/cmidominicana.com.do\/en\/wp-json\/wp\/v2\/pages\/11\/revisions\/1118"}],"wp:attachment":[{"href":"https:\/\/cmidominicana.com.do\/en\/wp-json\/wp\/v2\/media?parent=11"}],"curies":[{"name":"wp","href":"https:\/\/api.w.org\/{rel}","templated":true}]}}